{"id":2414,"date":"2025-12-14T21:43:21","date_gmt":"2025-12-14T20:43:21","guid":{"rendered":"https:\/\/www.anzatech.de\/accouplement-magnetique-pour-ventilateurs\/"},"modified":"2025-12-14T21:43:23","modified_gmt":"2025-12-14T20:43:23","slug":"accouplement-magnetique-pour-ventilateurs","status":"publish","type":"page","link":"https:\/\/www.anzatech.de\/fr\/accouplement-magnetique-pour-ventilateurs\/","title":{"rendered":"Accouplement magn\u00e9tique pour ventilateurs"},"content":{"rendered":"[vc_row type=\u00a0\u00bbfull_width_content\u00a0\u00bb full_screen_row_position=\u00a0\u00bbmiddle\u00a0\u00bb column_margin=\u00a0\u00bbdefault\u00a0\u00bb column_direction=\u00a0\u00bbdefault\u00a0\u00bb column_direction_tablet=\u00a0\u00bbdefault\u00a0\u00bb column_direction_phone=\u00a0\u00bbdefault\u00a0\u00bb scene_position=\u00a0\u00bbcenter\u00a0\u00bb text_color=\u00a0\u00bbdark\u00a0\u00bb text_align=\u00a0\u00bbleft\u00a0\u00bb row_border_radius=\u00a0\u00bbnone\u00a0\u00bb row_border_radius_applies=\u00a0\u00bbbg\u00a0\u00bb row_position_desktop=\u00a0\u00bbdefault\u00a0\u00bb row_position_tablet=\u00a0\u00bbinherit\u00a0\u00bb row_position_phone=\u00a0\u00bbinherit\u00a0\u00bb overflow=\u00a0\u00bbvisible\u00a0\u00bb overlay_strength=\u00a0\u00bb0.3&Prime; gradient_direction=\u00a0\u00bbleft_to_right\u00a0\u00bb shape_divider_position=\u00a0\u00bbbottom\u00a0\u00bb bg_image_animation=\u00a0\u00bbnone\u00a0\u00bb gradient_type=\u00a0\u00bbdefault\u00a0\u00bb shape_type=\u00a0\u00bb\u00a0\u00bb][vc_column column_padding=\u00a0\u00bbno-extra-padding\u00a0\u00bb column_padding_tablet=\u00a0\u00bbinherit\u00a0\u00bb column_padding_phone=\u00a0\u00bbinherit\u00a0\u00bb column_padding_position=\u00a0\u00bball\u00a0\u00bb flex_gap_desktop=\u00a0\u00bb10px\u00a0\u00bb column_element_direction_desktop=\u00a0\u00bbdefault\u00a0\u00bb column_element_spacing=\u00a0\u00bbdefault\u00a0\u00bb desktop_text_alignment=\u00a0\u00bbdefault\u00a0\u00bb tablet_text_alignment=\u00a0\u00bbdefault\u00a0\u00bb phone_text_alignment=\u00a0\u00bbdefault\u00a0\u00bb background_color_opacity=\u00a0\u00bb1&Prime; background_hover_color_opacity=\u00a0\u00bb1&Prime; column_backdrop_filter=\u00a0\u00bbnone\u00a0\u00bb column_shadow=\u00a0\u00bbnone\u00a0\u00bb column_border_radius=\u00a0\u00bbnone\u00a0\u00bb column_link_target=\u00a0\u00bb_self\u00a0\u00bb column_position=\u00a0\u00bbdefault\u00a0\u00bb gradient_direction=\u00a0\u00bbleft_to_right\u00a0\u00bb overlay_strength=\u00a0\u00bb0.3&Prime; width=\u00a0\u00bb1\/1&Prime; tablet_width_inherit=\u00a0\u00bbdefault\u00a0\u00bb animation_type=\u00a0\u00bbdefault\u00a0\u00bb bg_image_animation=\u00a0\u00bbnone\u00a0\u00bb border_type=\u00a0\u00bbsimple\u00a0\u00bb column_border_width=\u00a0\u00bbnone\u00a0\u00bb column_border_style=\u00a0\u00bbsolid\u00a0\u00bb][divider line_type=\u00a0\u00bbFull Width Line\u00a0\u00bb line_thickness=\u00a0\u00bb3&Prime; divider_color=\u00a0\u00bbaccent-color\u00a0\u00bb custom_height=\u00a0\u00bb30&Prime;][\/vc_column][\/vc_row][vc_row type=\u00a0\u00bbfull_width_content\u00a0\u00bb full_screen_row_position=\u00a0\u00bbmiddle\u00a0\u00bb column_margin=\u00a0\u00bbcustom\u00a0\u00bb column_margin_custom=\u00a0\u00bb7vw\u00a0\u00bb equal_height=\u00a0\u00bbyes\u00a0\u00bb content_placement=\u00a0\u00bbmiddle\u00a0\u00bb column_direction=\u00a0\u00bbdefault\u00a0\u00bb column_direction_tablet=\u00a0\u00bbdefault\u00a0\u00bb column_direction_phone=\u00a0\u00bbdefault\u00a0\u00bb bg_color=\u00a0\u00bb#FFFFFF\u00a0\u00bb scene_position=\u00a0\u00bbcenter\u00a0\u00bb top_padding=\u00a0\u00bb3%\u00a0\u00bb bottom_padding=\u00a0\u00bb12%\u00a0\u00bb left_padding_desktop=\u00a0\u00bb7vw\u00a0\u00bb constrain_group_2=\u00a0\u00bbyes\u00a0\u00bb right_padding_desktop=\u00a0\u00bb7vw\u00a0\u00bb text_color=\u00a0\u00bbdark\u00a0\u00bb text_align=\u00a0\u00bbleft\u00a0\u00bb row_border_radius=\u00a0\u00bbnone\u00a0\u00bb row_border_radius_applies=\u00a0\u00bbbg\u00a0\u00bb row_position_desktop=\u00a0\u00bbdefault\u00a0\u00bb row_position_tablet=\u00a0\u00bbinherit\u00a0\u00bb row_position_phone=\u00a0\u00bbinherit\u00a0\u00bb overflow=\u00a0\u00bbvisible\u00a0\u00bb advanced_gradient_angle=\u00a0\u00bb0&Prime; overlay_strength=\u00a0\u00bb0.8&Prime; gradient_direction=\u00a0\u00bbleft_to_right\u00a0\u00bb shape_divider_color=\u00a0\u00bb#000000&Prime; shape_divider_position=\u00a0\u00bbbottom\u00a0\u00bb shape_divider_height=\u00a0\u00bb99%\u00a0\u00bb bg_image_animation=\u00a0\u00bbnone\u00a0\u00bb shape_type=\u00a0\u00bbstraight_section\u00a0\u00bb gradient_type=\u00a0\u00bbdefault\u00a0\u00bb][vc_column left_padding_desktop=\u00a0\u00bb2vw\u00a0\u00bb flex_gap_desktop=\u00a0\u00bb10px\u00a0\u00bb column_element_direction_desktop=\u00a0\u00bbdefault\u00a0\u00bb column_element_spacing=\u00a0\u00bbdefault\u00a0\u00bb desktop_text_alignment=\u00a0\u00bbdefault\u00a0\u00bb tablet_text_alignment=\u00a0\u00bbdefault\u00a0\u00bb phone_text_alignment=\u00a0\u00bbdefault\u00a0\u00bb background_color_opacity=\u00a0\u00bb1&Prime; background_hover_color_opacity=\u00a0\u00bb1&Prime; column_backdrop_filter=\u00a0\u00bbnone\u00a0\u00bb column_shadow=\u00a0\u00bbnone\u00a0\u00bb column_border_radius=\u00a0\u00bbnone\u00a0\u00bb column_link_target=\u00a0\u00bb_self\u00a0\u00bb column_position=\u00a0\u00bbdefault\u00a0\u00bb advanced_gradient_angle=\u00a0\u00bb0&Prime; gradient_direction=\u00a0\u00bbleft_to_right\u00a0\u00bb overlay_strength=\u00a0\u00bb0.3&Prime; width=\u00a0\u00bb1\/2&Prime; tablet_width_inherit=\u00a0\u00bbdefault\u00a0\u00bb animation_type=\u00a0\u00bbdefault\u00a0\u00bb bg_image_animation=\u00a0\u00bbnone\u00a0\u00bb border_type=\u00a0\u00bbsimple\u00a0\u00bb column_border_width=\u00a0\u00bbnone\u00a0\u00bb column_border_style=\u00a0\u00bbsolid\u00a0\u00bb column_padding_type=\u00a0\u00bbadvanced\u00a0\u00bb gradient_type=\u00a0\u00bbdefault\u00a0\u00bb][toggles style=\u00a0\u00bbminimal_shadow\u00a0\u00bb accordion=\u00a0\u00bbtrue\u00a0\u00bb accordion_starting_functionality=\u00a0\u00bbclosed\u00a0\u00bb border_radius=\u00a0\u00bbnone\u00a0\u00bb][toggle color=\u00a0\u00bbAccent-Color\u00a0\u00bb heading_tag=\u00a0\u00bbh2&Prime; heading_tag_functionality=\u00a0\u00bbdefault\u00a0\u00bb title=\u00a0\u00bbAccouplement magn\u00e9tique pour ventilateurs\u00a0\u00bb][vc_column_text css=\u00a0\u00bb\u00a0\u00bb text_direction=\u00a0\u00bbdefault\u00a0\u00bb]Les ventilateurs sont utilis\u00e9s pour faire circuler de l&rsquo;air chaud, ainsi que pour des gaz et des gaz m\u00e9lang\u00e9s agressifs, explosifs, pr\u00e9cieux ou inflammables. Dans ces applications, il est essentiel d&rsquo;assurer une \u00e9tanch\u00e9it\u00e9 fiable entre le moteur et la roue. La transmission de la force du moteur d&rsquo;entra\u00eenement \u00e0 la roue de marche par le biais d&rsquo;une transmission magn\u00e9tique permet d&rsquo;assurer une \u00e9tanch\u00e9it\u00e9 de la roue de marche et d&#8217;emp\u00eacher les substances critiques de se propager \u00e0 l&rsquo;endroit de la transmission de la force.<\/p>\n<p>Selon le type de ventilateur, des vitesses de rotation tr\u00e8s \u00e9lev\u00e9es de l&rsquo;ordre de 10 000 tr\/min et plus peuvent \u00eatre atteintes. Dans ces cas, une fabrication pr\u00e9cise et une mise en \u00e9quilibre optimale de la magn\u00e9to-couple sont particuli\u00e8rement importantes.<\/p>\n<p>La dimensionnement de la magn\u00e9to-couple est effectu\u00e9 sur la base du couple de transmission requis. Pour les ventilateurs les plus puissants, il faut des couples de 1 000 Nm et plus.<\/p>\n<p>Des ventilateurs sont utilis\u00e9s dans les autoclaves pour garantir une r\u00e9partition uniforme de la temp\u00e9rature. Selon le mod\u00e8le, le moteur d&rsquo;entra\u00eenement du ventilateur est fix\u00e9 \u00e0 l&rsquo;ext\u00e9rieur du st\u00e9rilisateur. Il transmet ensuite le mouvement de rotation \u00e0 l&rsquo;aide d&rsquo;une tige au ventilateur situ\u00e9 \u00e0 l&rsquo;int\u00e9rieur. Afin d&rsquo;\u00e9viter que l&rsquo;air chaud ne s&rsquo;\u00e9chappe par la jointure de la coque, il est \u00e9galement recommand\u00e9 d&rsquo;utiliser une Magnetkupplung, qui garantit une \u00e9tanch\u00e9it\u00e9 fiable.[\/vc_column_text][\/toggle][\/toggles][\/vc_column][vc_column right_padding_desktop=\u00a0\u00bb2vw\u00a0\u00bb top_margin_tablet=\u00a0\u00bb10%\u00a0\u00bb flex_gap_desktop=\u00a0\u00bb10px\u00a0\u00bb column_element_direction_desktop=\u00a0\u00bbdefault\u00a0\u00bb column_element_spacing=\u00a0\u00bbdefault\u00a0\u00bb desktop_text_alignment=\u00a0\u00bbdefault\u00a0\u00bb tablet_text_alignment=\u00a0\u00bbdefault\u00a0\u00bb phone_text_alignment=\u00a0\u00bbdefault\u00a0\u00bb background_color_opacity=\u00a0\u00bb1&Prime; background_hover_color_opacity=\u00a0\u00bb1&Prime; column_backdrop_filter=\u00a0\u00bbnone\u00a0\u00bb column_shadow=\u00a0\u00bbnone\u00a0\u00bb column_border_radius=\u00a0\u00bbnone\u00a0\u00bb column_link_target=\u00a0\u00bb_self\u00a0\u00bb column_position=\u00a0\u00bbdefault\u00a0\u00bb advanced_gradient_angle=\u00a0\u00bb0&Prime; gradient_direction=\u00a0\u00bbleft_to_right\u00a0\u00bb overlay_strength=\u00a0\u00bb0.3&Prime; width=\u00a0\u00bb1\/2&Prime; tablet_width_inherit=\u00a0\u00bbdefault\u00a0\u00bb animation_type=\u00a0\u00bbdefault\u00a0\u00bb bg_image_animation=\u00a0\u00bbnone\u00a0\u00bb border_type=\u00a0\u00bbsimple\u00a0\u00bb column_border_width=\u00a0\u00bbnone\u00a0\u00bb column_border_style=\u00a0\u00bbsolid\u00a0\u00bb column_padding_type=\u00a0\u00bbadvanced\u00a0\u00bb gradient_type=\u00a0\u00bbdefault\u00a0\u00bb][vc_gallery css=\u00a0\u00bb\u00a0\u00bb type=\u00a0\u00bbnectarslider_style\u00a0\u00bb image_loading=\u00a0\u00bbdefault\u00a0\u00bb ns_image_rendering=\u00a0\u00bbcontain\u00a0\u00bb ns_image_aspect_ratio=\u00a0\u00bb4-3&Prime; bullet_navigation_style=\u00a0\u00bbsee_through\u00a0\u00bb onclick=\u00a0\u00bblink_no\u00a0\u00bb][\/vc_column][\/vc_row]\n","protected":false},"excerpt":{"rendered":"<p>[vc_row type=\u00a0\u00bbfull_width_content\u00a0\u00bb full_screen_row_position=\u00a0\u00bbmiddle\u00a0\u00bb column_margin=\u00a0\u00bbdefault\u00a0\u00bb column_direction=\u00a0\u00bbdefault\u00a0\u00bb column_direction_tablet=\u00a0\u00bbdefault\u00a0\u00bb column_direction_phone=\u00a0\u00bbdefault\u00a0\u00bb scene_position=\u00a0\u00bbcenter\u00a0\u00bb text_color=\u00a0\u00bbdark\u00a0\u00bb text_align=\u00a0\u00bbleft\u00a0\u00bb row_border_radius=\u00a0\u00bbnone\u00a0\u00bb row_border_radius_applies=\u00a0\u00bbbg\u00a0\u00bb row_position_desktop=\u00a0\u00bbdefault\u00a0\u00bb row_position_tablet=\u00a0\u00bbinherit\u00a0\u00bb row_position_phone=\u00a0\u00bbinherit\u00a0\u00bb overflow=\u00a0\u00bbvisible\u00a0\u00bb overlay_strength=\u00a0\u00bb0.3&Prime; gradient_direction=\u00a0\u00bbleft_to_right\u00a0\u00bb shape_divider_position=\u00a0\u00bbbottom\u00a0\u00bb bg_image_animation=\u00a0\u00bbnone\u00a0\u00bb gradient_type=\u00a0\u00bbdefault\u00a0\u00bb shape_type=\u00a0\u00bb\u00a0\u00bb][vc_column column_padding=\u00a0\u00bbno-extra-padding\u00a0\u00bb column_padding_tablet=\u00a0\u00bbinherit\u00a0\u00bb column_padding_phone=\u00a0\u00bbinherit\u00a0\u00bb column_padding_position=\u00a0\u00bball\u00a0\u00bb flex_gap_desktop=\u00a0\u00bb10px\u00a0\u00bb column_element_direction_desktop=\u00a0\u00bbdefault\u00a0\u00bb column_element_spacing=\u00a0\u00bbdefault\u00a0\u00bb desktop_text_alignment=\u00a0\u00bbdefault\u00a0\u00bb&#8230;<\/p>\n","protected":false},"author":1,"featured_media":0,"parent":0,"menu_order":0,"comment_status":"closed","ping_status":"closed","template":"","meta":{"footnotes":""},"class_list":["post-2414","page","type-page","status-publish"],"yoast_head":"<!-- This site is optimized with the Yoast SEO plugin v27.6 - https:\/\/yoast.com\/product\/yoast-seo-wordpress\/ -->\n<title>Accouplement magn\u00e9tique pour ventilateurs<\/title>\n<meta name=\"description\" content=\"Accouplement magn\u00e9tique pour ventilateurs Accouplement magn\u00e9tique pour ventilateurs\" \/>\n<meta name=\"robots\" content=\"index, follow, max-snippet:-1, max-image-preview:large, max-video-preview:-1\" \/>\n<link rel=\"canonical\" href=\"https:\/\/www.anzatech.de\/fr\/accouplement-magnetique-pour-ventilateurs\/\" \/>\n<meta property=\"og:locale\" content=\"fr_FR\" \/>\n<meta property=\"og:type\" content=\"article\" \/>\n<meta property=\"og:title\" content=\"Accouplement magn\u00e9tique pour ventilateurs\" \/>\n<meta property=\"og:description\" content=\"Accouplement magn\u00e9tique pour ventilateurs Accouplement magn\u00e9tique pour ventilateurs\" \/>\n<meta property=\"og:url\" content=\"https:\/\/www.anzatech.de\/fr\/accouplement-magnetique-pour-ventilateurs\/\" \/>\n<meta property=\"og:site_name\" content=\"AnZaTech\" \/>\n<meta property=\"article:modified_time\" content=\"2025-12-14T20:43:23+00:00\" \/>\n<meta name=\"twitter:card\" content=\"summary_large_image\" \/>\n<meta name=\"twitter:label1\" content=\"Dur\u00e9e de lecture estim\u00e9e\" \/>\n\t<meta name=\"twitter:data1\" content=\"4 minutes\" \/>\n<script type=\"application\/ld+json\" class=\"yoast-schema-graph\">{\"@context\":\"https:\\\/\\\/schema.org\",\"@graph\":[{\"@type\":\"WebPage\",\"@id\":\"https:\\\/\\\/www.anzatech.de\\\/fr\\\/accouplement-magnetique-pour-ventilateurs\\\/\",\"url\":\"https:\\\/\\\/www.anzatech.de\\\/fr\\\/accouplement-magnetique-pour-ventilateurs\\\/\",\"name\":\"Accouplement magn\u00e9tique pour ventilateurs\",\"isPartOf\":{\"@id\":\"https:\\\/\\\/www.anzatech.de\\\/fr\\\/#website\"},\"datePublished\":\"2025-12-14T20:43:21+00:00\",\"dateModified\":\"2025-12-14T20:43:23+00:00\",\"description\":\"Accouplement magn\u00e9tique pour ventilateurs Accouplement magn\u00e9tique pour ventilateurs\",\"breadcrumb\":{\"@id\":\"https:\\\/\\\/www.anzatech.de\\\/fr\\\/accouplement-magnetique-pour-ventilateurs\\\/#breadcrumb\"},\"inLanguage\":\"fr-FR\",\"potentialAction\":[{\"@type\":\"ReadAction\",\"target\":[\"https:\\\/\\\/www.anzatech.de\\\/fr\\\/accouplement-magnetique-pour-ventilateurs\\\/\"]}]},{\"@type\":\"BreadcrumbList\",\"@id\":\"https:\\\/\\\/www.anzatech.de\\\/fr\\\/accouplement-magnetique-pour-ventilateurs\\\/#breadcrumb\",\"itemListElement\":[{\"@type\":\"ListItem\",\"position\":1,\"name\":\"Startseite\",\"item\":\"https:\\\/\\\/www.anzatech.de\\\/fr\\\/home\\\/\"},{\"@type\":\"ListItem\",\"position\":2,\"name\":\"Accouplement magn\u00e9tique pour ventilateurs\"}]},{\"@type\":\"WebSite\",\"@id\":\"https:\\\/\\\/www.anzatech.de\\\/fr\\\/#website\",\"url\":\"https:\\\/\\\/www.anzatech.de\\\/fr\\\/\",\"name\":\"AnZaTech\",\"description\":\"Ihr Partner f\u00fcr hochwertige Pumpen und Pumpenaggregate\",\"publisher\":{\"@id\":\"https:\\\/\\\/www.anzatech.de\\\/fr\\\/#organization\"},\"potentialAction\":[{\"@type\":\"SearchAction\",\"target\":{\"@type\":\"EntryPoint\",\"urlTemplate\":\"https:\\\/\\\/www.anzatech.de\\\/fr\\\/?s={search_term_string}\"},\"query-input\":{\"@type\":\"PropertyValueSpecification\",\"valueRequired\":true,\"valueName\":\"search_term_string\"}}],\"inLanguage\":\"fr-FR\"},{\"@type\":\"Organization\",\"@id\":\"https:\\\/\\\/www.anzatech.de\\\/fr\\\/#organization\",\"name\":\"AnZaTech\",\"url\":\"https:\\\/\\\/www.anzatech.de\\\/fr\\\/\",\"logo\":{\"@type\":\"ImageObject\",\"inLanguage\":\"fr-FR\",\"@id\":\"https:\\\/\\\/www.anzatech.de\\\/fr\\\/#\\\/schema\\\/logo\\\/image\\\/\",\"url\":\"https:\\\/\\\/www.anzatech.de\\\/wp-content\\\/uploads\\\/2017\\\/03\\\/logo_retina.png\",\"contentUrl\":\"https:\\\/\\\/www.anzatech.de\\\/wp-content\\\/uploads\\\/2017\\\/03\\\/logo_retina.png\",\"width\":399,\"height\":197,\"caption\":\"AnZaTech\"},\"image\":{\"@id\":\"https:\\\/\\\/www.anzatech.de\\\/fr\\\/#\\\/schema\\\/logo\\\/image\\\/\"}}]}<\/script>\n<!-- \/ Yoast SEO plugin. -->","yoast_head_json":{"title":"Accouplement magn\u00e9tique pour ventilateurs","description":"Accouplement magn\u00e9tique pour ventilateurs Accouplement magn\u00e9tique pour ventilateurs","robots":{"index":"index","follow":"follow","max-snippet":"max-snippet:-1","max-image-preview":"max-image-preview:large","max-video-preview":"max-video-preview:-1"},"canonical":"https:\/\/www.anzatech.de\/fr\/accouplement-magnetique-pour-ventilateurs\/","og_locale":"fr_FR","og_type":"article","og_title":"Accouplement magn\u00e9tique pour ventilateurs","og_description":"Accouplement magn\u00e9tique pour ventilateurs Accouplement magn\u00e9tique pour ventilateurs","og_url":"https:\/\/www.anzatech.de\/fr\/accouplement-magnetique-pour-ventilateurs\/","og_site_name":"AnZaTech","article_modified_time":"2025-12-14T20:43:23+00:00","twitter_card":"summary_large_image","twitter_misc":{"Dur\u00e9e de lecture estim\u00e9e":"4 minutes"},"schema":{"@context":"https:\/\/schema.org","@graph":[{"@type":"WebPage","@id":"https:\/\/www.anzatech.de\/fr\/accouplement-magnetique-pour-ventilateurs\/","url":"https:\/\/www.anzatech.de\/fr\/accouplement-magnetique-pour-ventilateurs\/","name":"Accouplement magn\u00e9tique pour ventilateurs","isPartOf":{"@id":"https:\/\/www.anzatech.de\/fr\/#website"},"datePublished":"2025-12-14T20:43:21+00:00","dateModified":"2025-12-14T20:43:23+00:00","description":"Accouplement magn\u00e9tique pour ventilateurs Accouplement magn\u00e9tique pour ventilateurs","breadcrumb":{"@id":"https:\/\/www.anzatech.de\/fr\/accouplement-magnetique-pour-ventilateurs\/#breadcrumb"},"inLanguage":"fr-FR","potentialAction":[{"@type":"ReadAction","target":["https:\/\/www.anzatech.de\/fr\/accouplement-magnetique-pour-ventilateurs\/"]}]},{"@type":"BreadcrumbList","@id":"https:\/\/www.anzatech.de\/fr\/accouplement-magnetique-pour-ventilateurs\/#breadcrumb","itemListElement":[{"@type":"ListItem","position":1,"name":"Startseite","item":"https:\/\/www.anzatech.de\/fr\/home\/"},{"@type":"ListItem","position":2,"name":"Accouplement magn\u00e9tique pour ventilateurs"}]},{"@type":"WebSite","@id":"https:\/\/www.anzatech.de\/fr\/#website","url":"https:\/\/www.anzatech.de\/fr\/","name":"AnZaTech","description":"Ihr Partner f\u00fcr hochwertige Pumpen und Pumpenaggregate","publisher":{"@id":"https:\/\/www.anzatech.de\/fr\/#organization"},"potentialAction":[{"@type":"SearchAction","target":{"@type":"EntryPoint","urlTemplate":"https:\/\/www.anzatech.de\/fr\/?s={search_term_string}"},"query-input":{"@type":"PropertyValueSpecification","valueRequired":true,"valueName":"search_term_string"}}],"inLanguage":"fr-FR"},{"@type":"Organization","@id":"https:\/\/www.anzatech.de\/fr\/#organization","name":"AnZaTech","url":"https:\/\/www.anzatech.de\/fr\/","logo":{"@type":"ImageObject","inLanguage":"fr-FR","@id":"https:\/\/www.anzatech.de\/fr\/#\/schema\/logo\/image\/","url":"https:\/\/www.anzatech.de\/wp-content\/uploads\/2017\/03\/logo_retina.png","contentUrl":"https:\/\/www.anzatech.de\/wp-content\/uploads\/2017\/03\/logo_retina.png","width":399,"height":197,"caption":"AnZaTech"},"image":{"@id":"https:\/\/www.anzatech.de\/fr\/#\/schema\/logo\/image\/"}}]}},"jetpack_sharing_enabled":true,"_links":{"self":[{"href":"https:\/\/www.anzatech.de\/fr\/wp-json\/wp\/v2\/pages\/2414","targetHints":{"allow":["GET"]}}],"collection":[{"href":"https:\/\/www.anzatech.de\/fr\/wp-json\/wp\/v2\/pages"}],"about":[{"href":"https:\/\/www.anzatech.de\/fr\/wp-json\/wp\/v2\/types\/page"}],"author":[{"embeddable":true,"href":"https:\/\/www.anzatech.de\/fr\/wp-json\/wp\/v2\/users\/1"}],"replies":[{"embeddable":true,"href":"https:\/\/www.anzatech.de\/fr\/wp-json\/wp\/v2\/comments?post=2414"}],"version-history":[{"count":2,"href":"https:\/\/www.anzatech.de\/fr\/wp-json\/wp\/v2\/pages\/2414\/revisions"}],"predecessor-version":[{"id":2419,"href":"https:\/\/www.anzatech.de\/fr\/wp-json\/wp\/v2\/pages\/2414\/revisions\/2419"}],"wp:attachment":[{"href":"https:\/\/www.anzatech.de\/fr\/wp-json\/wp\/v2\/media?parent=2414"}],"curies":[{"name":"wp","href":"https:\/\/api.w.org\/{rel}","templated":true}]}}